{"id":1390,"date":"2023-03-14T02:15:57","date_gmt":"2023-03-14T01:15:57","guid":{"rendered":"https:\/\/www.skatteradgivaren.se\/?page_id=1390"},"modified":"2024-02-24T14:30:06","modified_gmt":"2024-02-24T13:30:06","slug":"rattvisa-for-individer","status":"publish","type":"page","link":"https:\/\/www.skatteradgivaren.se\/ar\/rattvisa-for-individer\/","title":{"rendered":"\u0627\u0644\u0639\u062f\u0627\u0644\u0629 \u0644\u0644\u0623\u0641\u0631\u0627\u062f"},"content":{"rendered":"<div data-elementor-type=\"wp-post\" data-elementor-id=\"1390\" class=\"elementor elementor-1390\">\n\t\t\t\t\t\t<section class=\"elementor-section elementor-top-section elementor-element elementor-element-43db79a elementor-section-full_width elementor-section-height-min-height elementor-section-height-default elementor-section-items-middle\" data-id=\"43db79a\" data-element_type=\"section\" data-settings=\"{&quot;background_background&quot;:&quot;classic&quot;}\">\n\t\t\t\t\t\t<div class=\"elementor-container elementor-column-gap-default\">\n\t\t\t\t\t<div class=\"elementor-column elementor-col-100 elementor-top-column elementor-element elementor-element-33d10bd\" data-id=\"33d10bd\" data-element_type=\"column\">\n\t\t\t<div class=\"elementor-widget-wrap elementor-element-populated\">\n\t\t\t\t\t\t<div class=\"elementor-element elementor-element-6148a82 elementor-widget-tablet__width-initial elementor-widget__width-initial elementor-widget elementor-widget-heading\" data-id=\"6148a82\" data-element_type=\"widget\" data-widget_type=\"heading.default\">\n\t\t\t\t<div class=\"elementor-widget-container\">\n\t\t\t\t\t<h1 class=\"elementor-heading-title elementor-size-default\">\u0627\u0644\u0639\u062f\u0627\u0644\u0629 \u0644\u0644\u0623\u0641\u0631\u0627\u062f <\/h1>\t\t\t\t<\/div>\n\t\t\t\t<\/div>\n\t\t\t\t\t<\/div>\n\t\t<\/div>\n\t\t\t\t\t<\/div>\n\t\t<\/section>\n\t\t\t\t<section class=\"elementor-section elementor-top-section elementor-element elementor-element-1404356 elementor-section-boxed elementor-section-height-default elementor-section-height-default\" data-id=\"1404356\" data-element_type=\"section\">\n\t\t\t\t\t\t<div class=\"elementor-container elementor-column-gap-default\">\n\t\t\t\t\t<div class=\"elementor-column elementor-col-100 elementor-top-column elementor-element elementor-element-294d44b\" data-id=\"294d44b\" data-element_type=\"column\">\n\t\t\t<div class=\"elementor-widget-wrap elementor-element-populated\">\n\t\t\t\t\t\t<div class=\"elementor-element elementor-element-e9239ba elementor-widget__width-initial elementor-widget elementor-widget-heading\" data-id=\"e9239ba\" data-element_type=\"widget\" data-widget_type=\"heading.default\">\n\t\t\t\t<div class=\"elementor-widget-container\">\n\t\t\t\t\t<h2 class=\"elementor-heading-title elementor-size-default\">\u0646\u062d\u0646 \u0646\u0642\u0627\u062a\u0644 \u0645\u0646 \u0623\u062c\u0644 \u062d\u0642\u0648\u0642\u0643 \u0636\u062f \u0627\u0644\u062f\u0648\u0644\u0629<\/h2>\t\t\t\t<\/div>\n\t\t\t\t<\/div>\n\t\t\t\t<div class=\"elementor-element elementor-element-db27203 elementor-widget-divider--view-line elementor-widget elementor-widget-divider\" data-id=\"db27203\" data-element_type=\"widget\" data-widget_type=\"divider.default\">\n\t\t\t\t<div class=\"elementor-widget-container\">\n\t\t\t\t\t\t\t<div class=\"elementor-divider\">\n\t\t\t<span class=\"elementor-divider-separator\">\n\t\t\t\t\t\t<\/span>\n\t\t<\/div>\n\t\t\t\t\t\t<\/div>\n\t\t\t\t<\/div>\n\t\t\t\t<div class=\"elementor-element elementor-element-c0d607e elementor-widget elementor-widget-text-editor\" data-id=\"c0d607e\" data-element_type=\"widget\" data-widget_type=\"text-editor.default\">\n\t\t\t\t<div class=\"elementor-widget-container\">\n\t\t\t\t\t\t\t\t\t<p>\u0646\u062d\u0646 \u0641\u064a  Skatter\u00e5dgivaren ekonomisk och juridisk r\u00e5dgivnignsbyr\u00e5 \u0646\u0642\u062f\u0645 \u0627\u0644\u0645\u0633\u0627\u0639\u062f\u0629 \u0648\u0627\u0644\u062f\u0639\u0645 \u0644\u0644\u0623\u0634\u062e\u0627\u0635 \u0627\u0644\u0630\u064a\u0646 \u062a\u0639\u0631\u0636\u0648\u0627 \u0644\u0644\u0645\u0639\u0627\u0645\u0644\u0629 \u063a\u064a\u0631 \u0627\u0644\u0639\u0627\u062f\u0644\u0629 \u0645\u0646 \u0642\u0628\u0644 \u0627\u0644\u0633\u0644\u0637\u0627\u062a \u0627\u0644\u062d\u0643\u0648\u0645\u064a\u0629. \u0646\u062d\u0646 \u0646\u062f\u0631\u0643 \u0623\u0646\u0647 \u0642\u062f \u064a\u0643\u0648\u0646 \u0645\u0646 \u0627\u0644\u0635\u0639\u0628 \u0648\u0627\u0644\u0645\u0624\u0644\u0645 \u0627\u0644\u0642\u062a\u0627\u0644 \u0636\u062f \u0627\u0644\u0633\u0644\u0637\u0627\u062a \u0628\u0645\u0641\u0631\u062f\u0643 \u060c \u0648\u0647\u0630\u0627 \u0647\u0648 \u0627\u0644\u0645\u0643\u0627\u0646 \u0627\u0644\u0630\u064a \u062a\u0623\u062a\u064a \u0641\u064a\u0647 \u062e\u062f\u0645\u0627\u062a\u0646\u0627. \u0633\u0648\u0641 \u064a\u0639\u0645\u0644 \u0645\u062d\u0627\u0645\u0648\u0646\u0627 \u0630\u0648\u0648 \u0627\u0644\u062e\u0628\u0631\u0629 \u0645\u0639\u0643 \u0644\u0641\u0647\u0645 \u062d\u0627\u0644\u062a\u0643 \u0648\u0636\u0645\u0627\u0646 \u062d\u0645\u0627\u064a\u0629 \u062d\u0642\u0648\u0642\u0643.<\/p><p>\u064a\u0645\u0643\u0646\u0646\u0627 \u0645\u0633\u0627\u0639\u062f\u062a\u0643 \u0641\u064a \u0627\u0644\u062a\u0639\u0631\u0641 \u0639\u0644\u0649 \u0645\u0627 \u0625\u0630\u0627 \u0643\u0627\u0646\u062a \u0647\u0646\u0627\u0643 \u0642\u0648\u0627\u0646\u064a\u0646 \u0623\u0648 \u0644\u0648\u0627\u0626\u062d \u0642\u062f \u062a\u0645 \u0627\u0646\u062a\u0647\u0627\u0643\u0647\u0627 \u0648\u0643\u064a\u0641 \u064a\u0645\u0643\u0646\u0643 \u0627\u0644\u062d\u0635\u0648\u0644 \u0639\u0644\u0649 \u0627\u0644\u0639\u062f\u0627\u0644\u0629. \u064a\u0645\u0643\u0646\u0646\u0627 \u0623\u064a\u0636\u064b\u0627 \u062a\u0632\u0648\u064a\u062f\u0643 \u0628\u0627\u0644\u0645\u0634\u0648\u0631\u0629 \u0648\u0627\u0644\u0645\u0633\u0627\u0639\u062f\u0629 \u0641\u064a \u062c\u0645\u0639 \u0627\u0644\u0623\u062f\u0644\u0629 \u0648\u0625\u0639\u062f\u0627\u062f \u0642\u0636\u064a\u062a\u0643 \u0644\u0644\u0645\u062d\u0643\u0645\u0629. \u0646\u062d\u0646 \u0646\u062f\u0631\u0643 \u0623\u0646 \u0643\u0644 \u062d\u0627\u0644\u0629 \u0641\u0631\u064a\u062f\u0629 \u0648\u0633\u0646\u062a\u0643\u064a\u0641 \u0645\u0639 \u062e\u062f\u0645\u0627\u062a\u0646\u0627 \u0644\u062a\u0644\u0628\u064a\u0629 \u0627\u062d\u062a\u064a\u0627\u062c\u0627\u062a\u0643 \u0627\u0644\u062e\u0627\u0635\u0629.<\/p><p>\u0633\u0648\u0641 \u064a\u0639\u0645\u0644 \u0645\u062d\u0627\u0645\u0648\u0646\u0627 \u0630\u0648\u0648 \u0627\u0644\u062e\u0628\u0631\u0629 \u0645\u0639\u0643 \u0644\u0641\u0647\u0645 \u062d\u0627\u0644\u062a\u0643 \u0648\u0636\u0645\u0627\u0646 \u062d\u0645\u0627\u064a\u0629 \u062d\u0642\u0648\u0642\u0643.<\/p>\t\t\t\t\t\t\t\t<\/div>\n\t\t\t\t<\/div>\n\t\t\t\t\t<\/div>\n\t\t<\/div>\n\t\t\t\t\t<\/div>\n\t\t<\/section>\n\t\t\t\t<section class=\"elementor-section elementor-top-section elementor-element elementor-element-47825ef elementor-section-boxed elementor-section-height-default elementor-section-height-default\" data-id=\"47825ef\" data-element_type=\"section\" data-settings=\"{&quot;background_background&quot;:&quot;classic&quot;}\">\n\t\t\t\t\t\t<div class=\"elementor-container elementor-column-gap-default\">\n\t\t\t\t\t<div class=\"elementor-column elementor-col-100 elementor-top-column elementor-element elementor-element-9e2e1aa\" data-id=\"9e2e1aa\" data-element_type=\"column\">\n\t\t\t<div class=\"elementor-widget-wrap elementor-element-populated\">\n\t\t\t\t\t\t<div class=\"elementor-element elementor-element-274935f elementor-widget elementor-widget-heading\" data-id=\"274935f\" data-element_type=\"widget\" data-widget_type=\"heading.default\">\n\t\t\t\t<div class=\"elementor-widget-container\">\n\t\t\t\t\t<h4 class=\"elementor-heading-title elementor-size-default\">\u0627\u0644\u0639\u062f\u0627\u0644\u0629 \u0644\u0644\u0623\u0641\u0631\u0627\u062f <\/h4>\t\t\t\t<\/div>\n\t\t\t\t<\/div>\n\t\t\t\t<div class=\"elementor-element elementor-element-018ee97 elementor-widget-mobile__width-initial elementor-widget__width-initial elementor-widget elementor-widget-heading\" data-id=\"018ee97\" data-element_type=\"widget\" data-widget_type=\"heading.default\">\n\t\t\t\t<div class=\"elementor-widget-container\">\n\t\t\t\t\t<h2 class=\"elementor-heading-title elementor-size-default\">\u0627\u062a\u0635\u0644 \u0628\u0646\u0627 \u0644\u0644\u062d\u0635\u0648\u0644 \u0639\u0644\u0649 \u0645\u0632\u064a\u062f \u0645\u0646 \u0627\u0644\u0645\u0639\u0644\u0648\u0645\u0627\u062a \u062d\u0648\u0644 \u0643\u064a\u0641 \u064a\u0645\u0643\u0646\u0646\u0627 \u0645\u0633\u0627\u0639\u062f\u062a\u0643.<\/h2>\t\t\t\t<\/div>\n\t\t\t\t<\/div>\n\t\t\t\t\t<\/div>\n\t\t<\/div>\n\t\t\t\t\t<\/div>\n\t\t<\/section>\n\t\t\t\t<\/div>","protected":false},"excerpt":{"rendered":"<p>R\u00e4ttvisa f\u00f6r individer Vi k\u00e4mpar f\u00f6r dina r\u00e4ttigheter mot staten Vi p\u00e5 Skatter\u00e5dgivaren ekonomisk &amp; juridisk r\u00e5dgivningsbyr\u00e5 \u00a0erbjuder hj\u00e4lp och st\u00f6d till personer som har blivit utsatta f\u00f6r or\u00e4ttvis behandling av statliga myndigheter. Vi f\u00f6rst\u00e5r att det kan vara en sv\u00e5r och traumatisk upplevelse att k\u00e4mpa mot myndigheterna p\u00e5 egen hand, och det \u00e4r d\u00e4r [&hellip;]<\/p>","protected":false},"author":8114,"featured_media":0,"parent":0,"menu_order":0,"comment_status":"closed","ping_status":"closed","template":"","meta":{"footnotes":""},"_links":{"self":[{"href":"https:\/\/www.skatteradgivaren.se\/ar\/wp-json\/wp\/v2\/pages\/1390"}],"collection":[{"href":"https:\/\/www.skatteradgivaren.se\/ar\/wp-json\/wp\/v2\/pages"}],"about":[{"href":"https:\/\/www.skatteradgivaren.se\/ar\/wp-json\/wp\/v2\/types\/page"}],"author":[{"embeddable":true,"href":"https:\/\/www.skatteradgivaren.se\/ar\/wp-json\/wp\/v2\/users\/8114"}],"replies":[{"embeddable":true,"href":"https:\/\/www.skatteradgivaren.se\/ar\/wp-json\/wp\/v2\/comments?post=1390"}],"version-history":[{"count":12,"href":"https:\/\/www.skatteradgivaren.se\/ar\/wp-json\/wp\/v2\/pages\/1390\/revisions"}],"predecessor-version":[{"id":1845,"href":"https:\/\/www.skatteradgivaren.se\/ar\/wp-json\/wp\/v2\/pages\/1390\/revisions\/1845"}],"wp:attachment":[{"href":"https:\/\/www.skatteradgivaren.se\/ar\/wp-json\/wp\/v2\/media?parent=1390"}],"curies":[{"name":"wp","href":"https:\/\/api.w.org\/{rel}","templated":true}]}}