{"id":1412,"date":"2023-03-14T02:33:06","date_gmt":"2023-03-14T01:33:06","guid":{"rendered":"https:\/\/www.skatteradgivaren.se\/?page_id=1412"},"modified":"2024-02-24T14:27:00","modified_gmt":"2024-02-24T13:27:00","slug":"kontraktsratt","status":"publish","type":"page","link":"https:\/\/www.skatteradgivaren.se\/ar\/kontraktsratt\/","title":{"rendered":"\u0642\u0627\u0646\u0648\u0646 \u0627\u0644\u0639\u0642\u0648\u062f"},"content":{"rendered":"<div data-elementor-type=\"wp-post\" data-elementor-id=\"1412\" class=\"elementor elementor-1412\">\n\t\t\t\t\t\t<section class=\"elementor-section elementor-top-section elementor-element elementor-element-4b2151d elementor-section-full_width elementor-section-height-min-height elementor-section-height-default elementor-section-items-middle\" data-id=\"4b2151d\" data-element_type=\"section\" data-settings=\"{&quot;background_background&quot;:&quot;classic&quot;}\">\n\t\t\t\t\t\t<div class=\"elementor-container elementor-column-gap-default\">\n\t\t\t\t\t<div class=\"elementor-column elementor-col-100 elementor-top-column elementor-element elementor-element-90a3ea1\" data-id=\"90a3ea1\" data-element_type=\"column\">\n\t\t\t<div class=\"elementor-widget-wrap elementor-element-populated\">\n\t\t\t\t\t\t<div class=\"elementor-element elementor-element-41734f3 elementor-widget-tablet__width-initial elementor-widget__width-initial elementor-widget elementor-widget-heading\" data-id=\"41734f3\" data-element_type=\"widget\" data-widget_type=\"heading.default\">\n\t\t\t\t<div class=\"elementor-widget-container\">\n\t\t\t\t\t<h1 class=\"elementor-heading-title elementor-size-default\">\u0642\u0627\u0646\u0648\u0646 \u0627\u0644\u0639\u0642\u0648\u062f <\/h1>\t\t\t\t<\/div>\n\t\t\t\t<\/div>\n\t\t\t\t\t<\/div>\n\t\t<\/div>\n\t\t\t\t\t<\/div>\n\t\t<\/section>\n\t\t\t\t<section class=\"elementor-section elementor-top-section elementor-element elementor-element-9b48b49 elementor-section-boxed elementor-section-height-default elementor-section-height-default\" data-id=\"9b48b49\" data-element_type=\"section\">\n\t\t\t\t\t\t<div class=\"elementor-container elementor-column-gap-default\">\n\t\t\t\t\t<div class=\"elementor-column elementor-col-100 elementor-top-column elementor-element elementor-element-887431e\" data-id=\"887431e\" data-element_type=\"column\">\n\t\t\t<div class=\"elementor-widget-wrap elementor-element-populated\">\n\t\t\t\t\t\t<div class=\"elementor-element elementor-element-2768106 elementor-widget__width-initial elementor-widget elementor-widget-heading\" data-id=\"2768106\" data-element_type=\"widget\" data-widget_type=\"heading.default\">\n\t\t\t\t<div class=\"elementor-widget-container\">\n\t\t\t\t\t<h2 class=\"elementor-heading-title elementor-size-default\">\u0627\u0644\u062a\u0639\u0627\u0645\u0644 \u0645\u0639 \u062e\u0631\u0642 \u0627\u0644\u0639\u0642\u062f \u0648\u062a\u062c\u0646\u0628 \u0627\u0644\u0646\u0632\u0627\u0639\u0627\u062a \u0645\u0639 \u062e\u0628\u0631\u0627\u0626\u0646\u0627 \u0641\u064a \u0642\u0627\u0646\u0648\u0646 \u0627\u0644\u0639\u0642\u0648\u062f<\/h2>\t\t\t\t<\/div>\n\t\t\t\t<\/div>\n\t\t\t\t<div class=\"elementor-element elementor-element-73513fb elementor-widget-divider--view-line elementor-widget elementor-widget-divider\" data-id=\"73513fb\" data-element_type=\"widget\" data-widget_type=\"divider.default\">\n\t\t\t\t<div class=\"elementor-widget-container\">\n\t\t\t\t\t\t\t<div class=\"elementor-divider\">\n\t\t\t<span class=\"elementor-divider-separator\">\n\t\t\t\t\t\t<\/span>\n\t\t<\/div>\n\t\t\t\t\t\t<\/div>\n\t\t\t\t<\/div>\n\t\t\t\t<div class=\"elementor-element elementor-element-c77ac32 elementor-widget elementor-widget-text-editor\" data-id=\"c77ac32\" data-element_type=\"widget\" data-widget_type=\"text-editor.default\">\n\t\t\t\t<div class=\"elementor-widget-container\">\n\t\t\t\t\t\t\t\t\t<p>\u0646\u062d\u0646 \u0641\u064a \u0634\u0631\u0643\u0629 \u0627\u0644\u0627\u0633\u062a\u0634\u0627\u0631\u0627\u062a \u0627\u0644\u0627\u0642\u062a\u0635\u0627\u062f\u064a\u0629 \u0648\u0627\u0644\u0642\u0627\u0646\u0648\u0646\u064a\u0629 \u0646\u0642\u062f\u0645 \u062e\u062f\u0645\u0627\u062a \u0627\u062d\u062a\u0631\u0627\u0641\u064a\u0629 \u0641\u064a \u0645\u062c\u0627\u0644 \u0627\u0644\u0642\u0627\u0646\u0648\u0646 \u0627\u0644\u062a\u0639\u0627\u0642\u062f\u064a\u060c \u062d\u064a\u062b \u0646\u0648\u0641\u0631 \u0627\u0644\u0645\u0634\u0648\u0631\u0629 \u0648\u0627\u0644\u0645\u0633\u0627\u0639\u062f\u0629 \u0641\u064a \u0635\u064a\u0627\u063a\u0629 \u0648\u062a\u0641\u0633\u064a\u0631 \u0627\u0644\u0639\u0642\u0648\u062f \u0648\u0645\u0639\u0627\u0644\u062c\u0629 \u0627\u0646\u062a\u0647\u0627\u0643\u0627\u062a \u0627\u0644\u0639\u0642\u0648\u062f. \u0646\u062d\u0646 \u0646\u062f\u0631\u0643 \u0623\u0647\u0645\u064a\u0629 \u0648\u062c\u0648\u062f \u0639\u0642\u0648\u062f \u0648\u0627\u0636\u062d\u0629 \u0648\u0639\u0627\u062f\u0644\u0629 \u0644\u062a\u062c\u0646\u0628 \u0627\u0644\u062a\u0639\u0627\u0631\u0636\u0627\u062a \u0648\u0627\u0644\u0645\u0634\u0627\u0643\u0644 \u0641\u064a \u0627\u0644\u0645\u0633\u062a\u0642\u0628\u0644. \u064a\u0633\u0627\u0639\u062f \u062e\u0628\u0631\u0627\u0624\u0646\u0627 \u0641\u064a \n\u0627\u0644\u062a\u0639\u0631\u0641 \u0639\u0644\u0649 \u0627\u0644\u0645\u062e\u0627\u0637\u0631 \u0627\u0644\u0645\u062d\u062a\u0645\u0644\u0629 \u0648\u0639\u062f\u0645 \u0627\u0644\u064a\u0642\u064a\u0646 \u0641\u064a \u0627\u0644\u0639\u0642\u062f \u0648\u064a\u0639\u0645\u0644\u0648\u0646 \u0628\u0627\u0644\u062a\u0639\u0627\u0648\u0646 \u0645\u0639 \u0639\u0645\u0644\u0627\u0626\u0646\u0627 \u0644\u0625\u0646\u0634\u0627\u0621 \u0639\u0642\u0648\u062f \u0645\u062e\u0635\u0635\u0629 \u0644\u0627\u062d\u062a\u064a\u0627\u062c\u0627\u062a\u0647\u0645 \u0627\u0644\u0641\u0631\u062f\u064a\u0629.<\/p><p>\u0643\u0645\u0627 \u0646\u0633\u0627\u0639\u062f \u0639\u0645\u0644\u0627\u0626\u0646\u0627 \u0641\u064a \u0645\u0639\u0627\u0644\u062c\u0629 \u0627\u0646\u062a\u0647\u0627\u0643\u0627\u062a \u0627\u0644\u0639\u0642\u0648\u062f \u0648\u062d\u0644 \u0627\u0644\u0645\u0646\u0627\u0632\u0639\u0627\u062a \u0639\u0646 \u0637\u0631\u064a\u0642 \u0637\u0631\u0642 \u0628\u062f\u064a\u0644\u0629 \u0644\u062d\u0644 \u0627\u0644\u0645\u0646\u0627\u0632\u0639\u0627\u062a \u0623\u0648 \u0627\u0644\u0625\u062c\u0631\u0627\u0621\u0627\u062a \u0627\u0644\u0642\u0636\u0627\u0626\u064a\u0629. \u062a\u0634\u0645\u0644 \u062e\u062f\u0645\u0627\u062a\u0646\u0627 \u0627\u0644\u062a\u0639\u0627\u0642\u062f\u064a\u0629 \u0623\u064a\u0636\u064b\u0627 \u0627\u0644\u0645\u0633\u0627\u0639\u062f\u0629 \u0641\u064a \u0635\u064a\u0627\u063a\u0629 \u0627\u0644\u0648\u062b\u0627\u0626\u0642 \u0627\u0644\u0642\u0627\u0646\u0648\u0646\u064a\u0629 \u0627\u0644\u0623\u062e\u0631\u0649 \u0645\u062b\u0644 \u0627\u0644\u0639\u0642\u0648\u062f \u0627\u0644\u0634\u0631\u0627\u0626\u064a\u0629 \u0648\u0639\u0642\u0648\u062f \u0627\u0644\u0625\u064a\u062c\u0627\u0631 \u0648\u0639\u0642\u0648\u062f \u0627\u0644\u062a\u0639\u0627\u0648\u0646 \u0648\u063a\u064a\u0631\u0647\u0627 \u0645\u0646 \u0627\u0644\u0648\u062b\u0627\u0626\u0642 \u0627\u0644\u0642\u0627\u0646\u0648\u0646\u064a\u0629 \u0627\u0644\u062a\u064a \u062a\u0639\u062a\u0628\u0631 \u0645\u0647\u0645\u0629 \u0644\u0623\u0646\u0634\u0637\u0629 \u0627\u0644\u0623\u0639\u0645\u0627\u0644. \u0646\u062d\u0646 \u0647\u0646\u0627 \u0644\u0645\u0633\u0627\u0639\u062f\u0629 \u0639\u0645\u0644\u0627\u0626\u0646\u0627 \u0641\u064a \u062d\u0645\u0627\u064a\u0629 \u0645\u0635\u0627\u0644\u062d\u0647\u0645 \u0648\u0627\u0644\u0642\u064a\u0627\u0645 \u0628\u0627\u0644\u0623\u0639\u0645\u0627\u0644 \u0628\u0637\u0631\u064a\u0642\u0629 \u0639\u0627\u062f\u0644\u0629 \u0648\u0622\u0645\u0646\u0629.<\/p>\t\t\t\t\t\t\t\t<\/div>\n\t\t\t\t<\/div>\n\t\t\t\t\t<\/div>\n\t\t<\/div>\n\t\t\t\t\t<\/div>\n\t\t<\/section>\n\t\t\t\t<section class=\"elementor-section elementor-top-section elementor-element elementor-element-fe78cca elementor-section-boxed elementor-section-height-default elementor-section-height-default\" data-id=\"fe78cca\" data-element_type=\"section\" data-settings=\"{&quot;background_background&quot;:&quot;classic&quot;}\">\n\t\t\t\t\t\t<div class=\"elementor-container elementor-column-gap-default\">\n\t\t\t\t\t<div class=\"elementor-column elementor-col-100 elementor-top-column elementor-element elementor-element-cf651ec\" data-id=\"cf651ec\" data-element_type=\"column\">\n\t\t\t<div class=\"elementor-widget-wrap elementor-element-populated\">\n\t\t\t\t\t\t<div class=\"elementor-element elementor-element-b299d30 elementor-widget elementor-widget-heading\" data-id=\"b299d30\" data-element_type=\"widget\" data-widget_type=\"heading.default\">\n\t\t\t\t<div class=\"elementor-widget-container\">\n\t\t\t\t\t<h4 class=\"elementor-heading-title elementor-size-default\">\u0642\u0627\u0646\u0648\u0646 \u0627\u0644\u0639\u0642\u0648\u062f <\/h4>\t\t\t\t<\/div>\n\t\t\t\t<\/div>\n\t\t\t\t<div class=\"elementor-element elementor-element-a526a1b elementor-widget-mobile__width-initial elementor-widget__width-initial elementor-widget elementor-widget-heading\" data-id=\"a526a1b\" data-element_type=\"widget\" data-widget_type=\"heading.default\">\n\t\t\t\t<div class=\"elementor-widget-container\">\n\t\t\t\t\t<h2 class=\"elementor-heading-title elementor-size-default\">\u0627\u062a\u0635\u0644 \u0628\u0646\u0627 \u0644\u0644\u062d\u0635\u0648\u0644 \u0639\u0644\u0649 \u0645\u0632\u064a\u062f \u0645\u0646 \u0627\u0644\u0645\u0639\u0644\u0648\u0645\u0627\u062a \u062d\u0648\u0644 \u0643\u064a\u0641 \u064a\u0645\u0643\u0646\u0646\u0627 \u0645\u0633\u0627\u0639\u062f\u062a\u0643.<\/h2>\t\t\t\t<\/div>\n\t\t\t\t<\/div>\n\t\t\t\t\t<\/div>\n\t\t<\/div>\n\t\t\t\t\t<\/div>\n\t\t<\/section>\n\t\t\t\t<\/div>","protected":false},"excerpt":{"rendered":"<p>Kontraktsr\u00e4tt Hantera avtalsbrott och undvik tvister med v\u00e5ra experter inom kontraktsr\u00e4tt Inom v\u00e5rt kontraktsr\u00e4ttsomr\u00e5de erbjuder vi professionell r\u00e5dgivning och hj\u00e4lp med uppr\u00e4ttande och tolkning av avtal, samt hantering av avtalsbrott. Vi f\u00f6rst\u00e5r vikten av att ha tydliga och r\u00e4ttvisa avtal f\u00f6r att undvika tvister och problem i framtiden. V\u00e5ra experter hj\u00e4lper till att identifiera potentiella [&hellip;]<\/p>","protected":false},"author":8114,"featured_media":0,"parent":0,"menu_order":0,"comment_status":"closed","ping_status":"closed","template":"","meta":{"footnotes":""},"_links":{"self":[{"href":"https:\/\/www.skatteradgivaren.se\/ar\/wp-json\/wp\/v2\/pages\/1412"}],"collection":[{"href":"https:\/\/www.skatteradgivaren.se\/ar\/wp-json\/wp\/v2\/pages"}],"about":[{"href":"https:\/\/www.skatteradgivaren.se\/ar\/wp-json\/wp\/v2\/types\/page"}],"author":[{"embeddable":true,"href":"https:\/\/www.skatteradgivaren.se\/ar\/wp-json\/wp\/v2\/users\/8114"}],"replies":[{"embeddable":true,"href":"https:\/\/www.skatteradgivaren.se\/ar\/wp-json\/wp\/v2\/comments?post=1412"}],"version-history":[{"count":8,"href":"https:\/\/www.skatteradgivaren.se\/ar\/wp-json\/wp\/v2\/pages\/1412\/revisions"}],"predecessor-version":[{"id":1815,"href":"https:\/\/www.skatteradgivaren.se\/ar\/wp-json\/wp\/v2\/pages\/1412\/revisions\/1815"}],"wp:attachment":[{"href":"https:\/\/www.skatteradgivaren.se\/ar\/wp-json\/wp\/v2\/media?parent=1412"}],"curies":[{"name":"wp","href":"https:\/\/api.w.org\/{rel}","templated":true}]}}