{"id":1519,"date":"2023-03-14T03:16:47","date_gmt":"2023-03-14T02:16:47","guid":{"rendered":"https:\/\/www.skatteradgivaren.se\/?page_id=1519"},"modified":"2024-02-24T14:29:31","modified_gmt":"2024-02-24T13:29:31","slug":"tillstand","status":"publish","type":"page","link":"https:\/\/www.skatteradgivaren.se\/ar\/tillstand\/","title":{"rendered":"\u0633\u0627\u0639\u062f\u0629 \u0627\u0644\u062d\u0635\u0648\u0644 \u0639\u0644\u0649 \u0627\u0644\u062a\u0631\u0627\u062e\u064a\u0635"},"content":{"rendered":"<div data-elementor-type=\"wp-post\" data-elementor-id=\"1519\" class=\"elementor elementor-1519\">\n\t\t\t\t\t\t<section class=\"elementor-section elementor-top-section elementor-element elementor-element-7b67743 elementor-section-full_width elementor-section-height-min-height elementor-section-height-default elementor-section-items-middle\" data-id=\"7b67743\" data-element_type=\"section\" data-settings=\"{&quot;background_background&quot;:&quot;classic&quot;}\">\n\t\t\t\t\t\t<div class=\"elementor-container elementor-column-gap-default\">\n\t\t\t\t\t<div class=\"elementor-column elementor-col-100 elementor-top-column elementor-element elementor-element-a883293\" data-id=\"a883293\" data-element_type=\"column\">\n\t\t\t<div class=\"elementor-widget-wrap elementor-element-populated\">\n\t\t\t\t\t\t<div class=\"elementor-element elementor-element-46320d2 elementor-widget-tablet__width-initial elementor-widget__width-initial elementor-widget elementor-widget-heading\" data-id=\"46320d2\" data-element_type=\"widget\" data-widget_type=\"heading.default\">\n\t\t\t\t<div class=\"elementor-widget-container\">\n\t\t\t\t\t<h1 class=\"elementor-heading-title elementor-size-default\">\u0633\u0627\u0639\u062f\u0629 \u0627\u0644\u062d\u0635\u0648\u0644 \u0639\u0644\u0649 \u0627\u0644\u062a\u0631\u0627\u062e\u064a\u0635 <\/h1>\t\t\t\t<\/div>\n\t\t\t\t<\/div>\n\t\t\t\t\t<\/div>\n\t\t<\/div>\n\t\t\t\t\t<\/div>\n\t\t<\/section>\n\t\t\t\t<section class=\"elementor-section elementor-top-section elementor-element elementor-element-7460d06 elementor-section-boxed elementor-section-height-default elementor-section-height-default\" data-id=\"7460d06\" data-element_type=\"section\">\n\t\t\t\t\t\t<div class=\"elementor-container elementor-column-gap-default\">\n\t\t\t\t\t<div class=\"elementor-column elementor-col-100 elementor-top-column elementor-element elementor-element-eb3d515\" data-id=\"eb3d515\" data-element_type=\"column\">\n\t\t\t<div class=\"elementor-widget-wrap elementor-element-populated\">\n\t\t\t\t\t\t<div class=\"elementor-element elementor-element-04f2e73 elementor-widget__width-initial elementor-widget elementor-widget-heading\" data-id=\"04f2e73\" data-element_type=\"widget\" data-widget_type=\"heading.default\">\n\t\t\t\t<div class=\"elementor-widget-container\">\n\t\t\t\t\t<h2 class=\"elementor-heading-title elementor-size-default\">\u0646\u062d\u0646 \u0646\u0633\u0627\u0639\u062f\u0643 \u0625\u0630\u0627 \u0643\u0627\u0646 \u0644\u062f\u064a\u0643 \u0646\u0632\u0627\u0639 \u0645\u0639 \u0635\u0627\u062d\u0628 \u0627\u0644\u0639\u0645\u0644 \u0627\u0644\u062e\u0627\u0635 \u0628\u0643<\/h2>\t\t\t\t<\/div>\n\t\t\t\t<\/div>\n\t\t\t\t<div class=\"elementor-element elementor-element-12fbcdf elementor-widget-divider--view-line elementor-widget elementor-widget-divider\" data-id=\"12fbcdf\" data-element_type=\"widget\" data-widget_type=\"divider.default\">\n\t\t\t\t<div class=\"elementor-widget-container\">\n\t\t\t\t\t\t\t<div class=\"elementor-divider\">\n\t\t\t<span class=\"elementor-divider-separator\">\n\t\t\t\t\t\t<\/span>\n\t\t<\/div>\n\t\t\t\t\t\t<\/div>\n\t\t\t\t<\/div>\n\t\t\t\t<div class=\"elementor-element elementor-element-7bca0ed elementor-widget elementor-widget-text-editor\" data-id=\"7bca0ed\" data-element_type=\"widget\" data-widget_type=\"text-editor.default\">\n\t\t\t\t<div class=\"elementor-widget-container\">\n\t\t\t\t\t\t\t\t\t<p>\u0646\u062d\u0646 \u0646\u0642\u062f\u0645 \u062e\u062f\u0645\u0629 \u0645\u062a\u062e\u0635\u0635\u0629 \u0644\u0623\u0635\u062d\u0627\u0628 \u0627\u0644\u0634\u0631\u0643\u0627\u062a \u0627\u0644\u0630\u064a\u0646 \u064a\u0631\u063a\u0628\u0648\u0646 \u0641\u064a \u0627\u0644\u062d\u0635\u0648\u0644 \u0639\u0644\u0649 \u062a\u0635\u0627\u0631\u064a\u062d \u0644\u0646\u0634\u0627\u0637 \u0645\u062d\u062f\u062f.<\/p><p>\u064a\u0645\u0643\u0646 \u0644\u062e\u0628\u0631\u0627\u0621\u0646\u0627 \u0630\u0648\u064a \u0627\u0644\u062e\u0628\u0631\u0629 \u0645\u0633\u0627\u0639\u062f\u062a\u0643 \u0641\u064a \u0627\u0644\u062a\u0646\u0642\u0644 \u0641\u064a \u0627\u0644\u0639\u0645\u0644\u064a\u0629 \u0627\u0644\u0645\u0639\u0642\u062f\u0629 \u0644\u0644\u062d\u0635\u0648\u0644 \u0639\u0644\u0649 \u0627\u0644\u062a\u0635\u0627\u0631\u064a\u062d \u0627\u0644\u0644\u0627\u0632\u0645\u0629 \u0644\u0646\u0634\u0627\u0637\u0643. \u064a\u0645\u0643\u0646\u0646\u0627 \u0645\u0633\u0627\u0639\u062f\u062a\u0643 \u0641\u064a \u0643\u0644 \u0634\u064a\u0621 \u0628\u062f\u0621\u064b\u0627 \u0645\u0646 \u062a\u062d\u062f\u064a\u062f \u0627\u0644\u062a\u0635\u0627\u0631\u064a\u062d \u0627\u0644\u0644\u0627\u0632\u0645\u0629 \u0644\u0646\u0634\u0627\u0637\u0643 \u060c \u0648\u062d\u062a\u0649 \u062a\u062c\u0645\u064a\u0639 \u0648\u062a\u0642\u062f\u064a\u0645 \u0645\u0644\u0641\u0627\u062a \u0627\u0644\u0637\u0644\u0628\u0627\u062a \u0648\u0645\u0639\u0627\u0644\u062c\u0629 \u0623\u064a \u0623\u0633\u0626\u0644\u0629 \u0623\u0648 \u0645\u0634\u0627\u0643\u0644 \u0642\u062f \u062a\u0646\u0634\u0623 \u062e\u0644\u0627\u0644 \u0627\u0644\u0639\u0645\u0644\u064a\u0629.<\/p><p>\u0623\u0645\u062b\u0644\u0629 \u0639\u0644\u0649 \u0627\u0644\u0623\u0646\u0634\u0637\u0629 \u0627\u0644\u062a\u064a \u0642\u062f \u062a\u062a\u0637\u0644\u0628 \u062a\u0635\u0627\u0631\u064a\u062d \u062a\u0634\u0645\u0644 \u0627\u0644\u0645\u0637\u0627\u0639\u0645 \u0648\u0627\u0644\u062d\u0627\u0646\u0627\u062a \u0648\u0645\u062d\u0644\u0627\u062a \u0627\u0644\u0628\u0642\u0627\u0644\u0629 \u0648\u0634\u0631\u0643\u0627\u062a \u0627\u0644\u0628\u0646\u0627\u0621 \u0648\u0634\u0631\u0643\u0627\u062a \u0627\u0644\u062a\u0627\u0643\u0633\u064a \u0648\u0627\u0644\u0634\u0631\u0643\u0627\u062a \u0627\u0644\u062a\u064a \u062a\u062a\u0639\u0627\u0645\u0644 \u0645\u0639 \u0627\u0644\u0645\u0648\u0627\u062f \u0627\u0644\u062e\u0637\u0631\u0629 \u0623\u0648 \u0627\u0644\u0646\u0641\u0627\u064a\u0627\u062a.<\/p><p>\u0627\u062a\u0635\u0644 \u0628\u0646\u0627 \u0627\u0644\u064a\u0648\u0645 \u0644\u0645\u0639\u0631\u0641\u0629 \u0643\u064a\u0641 \u064a\u0645\u0643\u0646\u0646\u0627 \u0645\u0633\u0627\u0639\u062f\u062a\u0643 \u0641\u064a \u0627\u0644\u062d\u0635\u0648\u0644 \u0639\u0644\u0649 \u0627\u0644\u062a\u0635\u0627\u0631\u064a\u062d \u0627\u0644\u0644\u0627\u0632\u0645\u0629 \u0644\u0646\u0634\u0627\u0637\u0643 \u0648\u0627\u0644\u062a\u0623\u0643\u062f \u0645\u0646 \u0623\u0646 \u0646\u0634\u0627\u0637\u0643 \u064a\u062a\u0628\u0639 \u062c\u0645\u064a\u0639 \u0627\u0644\u0642\u0648\u0627\u0646\u064a\u0646 \u0648\u0627\u0644\u0644\u0648\u0627\u0626\u062d \u0627\u0644\u0645\u0639\u0645\u0648\u0644 \u0628\u0647\u0627.<\/p>\t\t\t\t\t\t\t\t<\/div>\n\t\t\t\t<\/div>\n\t\t\t\t\t<\/div>\n\t\t<\/div>\n\t\t\t\t\t<\/div>\n\t\t<\/section>\n\t\t\t\t<section class=\"elementor-section elementor-top-section elementor-element elementor-element-8835023 elementor-section-boxed elementor-section-height-default elementor-section-height-default\" data-id=\"8835023\" data-element_type=\"section\" data-settings=\"{&quot;background_background&quot;:&quot;classic&quot;}\">\n\t\t\t\t\t\t<div class=\"elementor-container elementor-column-gap-default\">\n\t\t\t\t\t<div class=\"elementor-column elementor-col-100 elementor-top-column elementor-element elementor-element-dc2843e\" data-id=\"dc2843e\" data-element_type=\"column\">\n\t\t\t<div class=\"elementor-widget-wrap elementor-element-populated\">\n\t\t\t\t\t\t<div class=\"elementor-element elementor-element-bab54fd elementor-widget elementor-widget-heading\" data-id=\"bab54fd\" data-element_type=\"widget\" data-widget_type=\"heading.default\">\n\t\t\t\t<div class=\"elementor-widget-container\">\n\t\t\t\t\t<h4 class=\"elementor-heading-title elementor-size-default\">\u0633\u0627\u0639\u062f\u0629 \u0627\u0644\u062d\u0635\u0648\u0644 \u0639\u0644\u0649 \u0627\u0644\u062a\u0631\u0627\u062e\u064a\u0635 <\/h4>\t\t\t\t<\/div>\n\t\t\t\t<\/div>\n\t\t\t\t<div class=\"elementor-element elementor-element-3f4b78b elementor-widget-mobile__width-initial elementor-widget__width-initial elementor-widget elementor-widget-heading\" data-id=\"3f4b78b\" data-element_type=\"widget\" data-widget_type=\"heading.default\">\n\t\t\t\t<div class=\"elementor-widget-container\">\n\t\t\t\t\t<h2 class=\"elementor-heading-title elementor-size-default\">\u0627\u062a\u0635\u0644 \u0628\u0646\u0627 \u0644\u0644\u062d\u0635\u0648\u0644 \u0639\u0644\u0649 \u0645\u0632\u064a\u062f \u0645\u0646 \u0627\u0644\u0645\u0639\u0644\u0648\u0645\u0627\u062a \u062d\u0648\u0644 \u0643\u064a\u0641 \u064a\u0645\u0643\u0646\u0646\u0627 \u0645\u0633\u0627\u0639\u062f\u062a\u0643.<\/h2>\t\t\t\t<\/div>\n\t\t\t\t<\/div>\n\t\t\t\t\t<\/div>\n\t\t<\/div>\n\t\t\t\t\t<\/div>\n\t\t<\/section>\n\t\t\t\t<\/div>","protected":false},"excerpt":{"rendered":"<p>Tillst\u00e5nd Vi hj\u00e4lper dig om du har en tvist med din arbetsgivare Vi erbjuder en professionell tj\u00e4nst f\u00f6r f\u00f6retagare som vill s\u00f6ka tillst\u00e5nd f\u00f6r en viss verksamhet. V\u00e5ra erfarna experter kan hj\u00e4lpa dig att navigera genom den komplexa processen f\u00f6r att f\u00e5 de n\u00f6dv\u00e4ndiga tillst\u00e5nden f\u00f6r din verksamhet. Vi kan hj\u00e4lpa dig med allt fr\u00e5n [&hellip;]<\/p>","protected":false},"author":8114,"featured_media":0,"parent":0,"menu_order":0,"comment_status":"closed","ping_status":"closed","template":"","meta":{"footnotes":""},"_links":{"self":[{"href":"https:\/\/www.skatteradgivaren.se\/ar\/wp-json\/wp\/v2\/pages\/1519"}],"collection":[{"href":"https:\/\/www.skatteradgivaren.se\/ar\/wp-json\/wp\/v2\/pages"}],"about":[{"href":"https:\/\/www.skatteradgivaren.se\/ar\/wp-json\/wp\/v2\/types\/page"}],"author":[{"embeddable":true,"href":"https:\/\/www.skatteradgivaren.se\/ar\/wp-json\/wp\/v2\/users\/8114"}],"replies":[{"embeddable":true,"href":"https:\/\/www.skatteradgivaren.se\/ar\/wp-json\/wp\/v2\/comments?post=1519"}],"version-history":[{"count":8,"href":"https:\/\/www.skatteradgivaren.se\/ar\/wp-json\/wp\/v2\/pages\/1519\/revisions"}],"predecessor-version":[{"id":1839,"href":"https:\/\/www.skatteradgivaren.se\/ar\/wp-json\/wp\/v2\/pages\/1519\/revisions\/1839"}],"wp:attachment":[{"href":"https:\/\/www.skatteradgivaren.se\/ar\/wp-json\/wp\/v2\/media?parent=1519"}],"curies":[{"name":"wp","href":"https:\/\/api.w.org\/{rel}","templated":true}]}}