{"id":460,"date":"2023-03-07T19:47:37","date_gmt":"2023-03-07T18:47:37","guid":{"rendered":"https:\/\/www.skatteradgivaren.se\/?page_id=460"},"modified":"2023-03-08T14:18:01","modified_gmt":"2023-03-08T13:18:01","slug":"juridik","status":"publish","type":"page","link":"https:\/\/www.skatteradgivaren.se\/ar\/juridik\/","title":{"rendered":"\u0642\u0627\u0646\u0648\u0646"},"content":{"rendered":"<div data-elementor-type=\"wp-post\" data-elementor-id=\"460\" class=\"elementor elementor-460\">\n\t\t\t\t\t\t<section class=\"elementor-section elementor-top-section elementor-element elementor-element-478b1ce elementor-section-height-min-height elementor-section-boxed elementor-section-height-default elementor-section-items-middle\" data-id=\"478b1ce\" data-element_type=\"section\" data-settings=\"{&quot;background_background&quot;:&quot;classic&quot;}\">\n\t\t\t\t\t\t<div class=\"elementor-container elementor-column-gap-default\">\n\t\t\t\t\t<div class=\"elementor-column elementor-col-100 elementor-top-column elementor-element elementor-element-003e809\" data-id=\"003e809\" data-element_type=\"column\">\n\t\t\t<div class=\"elementor-widget-wrap elementor-element-populated\">\n\t\t\t\t\t\t<div class=\"elementor-element elementor-element-a67f49c elementor-widget__width-initial elementor-widget-tablet__width-initial elementor-widget elementor-widget-heading\" data-id=\"a67f49c\" data-element_type=\"widget\" data-widget_type=\"heading.default\">\n\t\t\t\t<div class=\"elementor-widget-container\">\n\t\t\t\t\t<h2 class=\"elementor-heading-title elementor-size-default\">Anpassade l\u00f6sningar f\u00f6r komplexa juridiska fr\u00e5gor<\/h2>\t\t\t\t<\/div>\n\t\t\t\t<\/div>\n\t\t\t\t<div class=\"elementor-element elementor-element-eb6d0e9 elementor-widget__width-initial elementor-widget elementor-widget-heading\" data-id=\"eb6d0e9\" data-element_type=\"widget\" data-widget_type=\"heading.default\">\n\t\t\t\t<div class=\"elementor-widget-container\">\n\t\t\t\t\t<p class=\"elementor-heading-title elementor-size-default\">Vi kan hj\u00e4lpa dig att navigera komplexa r\u00e4ttsliga fr\u00e5gor och ta kontroll \u00f6ver din situation. Vi erbjuder skr\u00e4ddarsydda l\u00f6sningar och personlig r\u00e5dgivning f\u00f6r att s\u00e4kerst\u00e4lla att dina juridiska behov uppfylls.<\/p>\t\t\t\t<\/div>\n\t\t\t\t<\/div>\n\t\t\t\t\t<\/div>\n\t\t<\/div>\n\t\t\t\t\t<\/div>\n\t\t<\/section>\n\t\t\t\t<section class=\"elementor-section elementor-top-section elementor-element elementor-element-63955a0 elementor-section-height-min-height elementor-section-boxed elementor-section-height-default elementor-section-items-middle\" data-id=\"63955a0\" data-element_type=\"section\">\n\t\t\t\t\t\t<div class=\"elementor-container elementor-column-gap-default\">\n\t\t\t\t\t<div class=\"elementor-column elementor-col-100 elementor-top-column elementor-element elementor-element-51b0bd9\" data-id=\"51b0bd9\" data-element_type=\"column\">\n\t\t\t<div class=\"elementor-widget-wrap\">\n\t\t\t\t\t\t\t<\/div>\n\t\t<\/div>\n\t\t\t\t\t<\/div>\n\t\t<\/section>\n\t\t\t\t<section class=\"elementor-section elementor-top-section elementor-element elementor-element-39b0f93 elementor-section-boxed elementor-section-height-default elementor-section-height-default\" data-id=\"39b0f93\" data-element_type=\"section\" data-settings=\"{&quot;background_background&quot;:&quot;classic&quot;}\">\n\t\t\t\t\t\t<div class=\"elementor-container elementor-column-gap-default\">\n\t\t\t\t\t<div class=\"elementor-column elementor-col-100 elementor-top-column elementor-element elementor-element-7b50b19\" data-id=\"7b50b19\" data-element_type=\"column\">\n\t\t\t<div class=\"elementor-widget-wrap elementor-element-populated\">\n\t\t\t\t\t\t<div class=\"elementor-element elementor-element-aa2717d elementor-widget elementor-widget-heading\" data-id=\"aa2717d\" data-element_type=\"widget\" data-widget_type=\"heading.default\">\n\t\t\t\t<div class=\"elementor-widget-container\">\n\t\t\t\t\t<h4 class=\"elementor-heading-title elementor-size-default\">L\u00f6sningar f\u00f6r komplexa juridiska fr\u00e5gor<\/h4>\t\t\t\t<\/div>\n\t\t\t\t<\/div>\n\t\t\t\t<div class=\"elementor-element elementor-element-3e5201d elementor-widget-mobile__width-initial elementor-widget elementor-widget-heading\" data-id=\"3e5201d\" data-element_type=\"widget\" data-widget_type=\"heading.default\">\n\t\t\t\t<div class=\"elementor-widget-container\">\n\t\t\t\t\t<h2 class=\"elementor-heading-title elementor-size-default\">\u0627\u062a\u0635\u0644 \u0628\u0646\u0627 \u0648\u0633\u0646\u0633\u0627\u0639\u062f\u0643<\/h2>\t\t\t\t<\/div>\n\t\t\t\t<\/div>\n\t\t\t\t\t<\/div>\n\t\t<\/div>\n\t\t\t\t\t<\/div>\n\t\t<\/section>\n\t\t\t\t<\/div>","protected":false},"excerpt":{"rendered":"<p>Anpassade l\u00f6sningar f\u00f6r komplexa juridiska fr\u00e5gor Vi kan hj\u00e4lpa dig att navigera komplexa r\u00e4ttsliga fr\u00e5gor och ta kontroll \u00f6ver din situation. Vi erbjuder skr\u00e4ddarsydda l\u00f6sningar och personlig r\u00e5dgivning f\u00f6r att s\u00e4kerst\u00e4lla att dina juridiska behov uppfylls. L\u00f6sningar f\u00f6r komplexa juridiska fr\u00e5gor Kontakta oss s\u00e5 hj\u00e4lper vi dig<\/p>","protected":false},"author":8115,"featured_media":0,"parent":0,"menu_order":0,"comment_status":"closed","ping_status":"closed","template":"","meta":{"footnotes":""},"_links":{"self":[{"href":"https:\/\/www.skatteradgivaren.se\/ar\/wp-json\/wp\/v2\/pages\/460"}],"collection":[{"href":"https:\/\/www.skatteradgivaren.se\/ar\/wp-json\/wp\/v2\/pages"}],"about":[{"href":"https:\/\/www.skatteradgivaren.se\/ar\/wp-json\/wp\/v2\/types\/page"}],"author":[{"embeddable":true,"href":"https:\/\/www.skatteradgivaren.se\/ar\/wp-json\/wp\/v2\/users\/8115"}],"replies":[{"embeddable":true,"href":"https:\/\/www.skatteradgivaren.se\/ar\/wp-json\/wp\/v2\/comments?post=460"}],"version-history":[{"count":48,"href":"https:\/\/www.skatteradgivaren.se\/ar\/wp-json\/wp\/v2\/pages\/460\/revisions"}],"predecessor-version":[{"id":802,"href":"https:\/\/www.skatteradgivaren.se\/ar\/wp-json\/wp\/v2\/pages\/460\/revisions\/802"}],"wp:attachment":[{"href":"https:\/\/www.skatteradgivaren.se\/ar\/wp-json\/wp\/v2\/media?parent=460"}],"curies":[{"name":"wp","href":"https:\/\/api.w.org\/{rel}","templated":true}]}}